{"id":125,"date":"2024-04-07T13:19:24","date_gmt":"2024-04-07T13:19:24","guid":{"rendered":"https:\/\/sacolaspromocionais.com.br\/index.php\/home\/"},"modified":"2024-04-08T21:01:00","modified_gmt":"2024-04-08T21:01:00","slug":"home","status":"publish","type":"page","link":"https:\/\/sacolaspromocionais.com.br\/","title":{"rendered":"HOME"},"content":{"rendered":"<div id=\"cs-content\" class=\"cs-content\"><\/div>\n","protected":false},"excerpt":{"rendered":"<p>Invista no seu melhor garoto propaganda: seu cliente!No mundo dos neg\u00f3cios, a visibilidade da marca \u00e9 tudo. E quem melhor para exibir sua marca do que aqueles que j\u00e1 confiam e investem em seus produtos? Seu cliente \u00e9 seu maior garoto propaganda, e \u00e9 hora de maximizar esse potencial com Sacolas Promocionais!Ligue agora!Fa&ccedil;a um or&ccedil;amento, converse conosco Como empres&aacute;rio de &#8230; <\/p>\n<div><a href=\"https:\/\/sacolaspromocionais.com.br\/\" class=\"more-link\">Read More<\/a><\/div>\n","protected":false},"author":1,"featured_media":0,"parent":0,"menu_order":0,"comment_status":"closed","ping_status":"closed","template":"template-blank-4.php","meta":{"footnotes":""},"class_list":["post-125","page","type-page","status-publish","hentry","no-post-thumbnail"],"_links":{"self":[{"href":"https:\/\/sacolaspromocionais.com.br\/index.php\/wp-json\/wp\/v2\/pages\/125","targetHints":{"allow":["GET"]}}],"collection":[{"href":"https:\/\/sacolaspromocionais.com.br\/index.php\/wp-json\/wp\/v2\/pages"}],"about":[{"href":"https:\/\/sacolaspromocionais.com.br\/index.php\/wp-json\/wp\/v2\/types\/page"}],"author":[{"embeddable":true,"href":"https:\/\/sacolaspromocionais.com.br\/index.php\/wp-json\/wp\/v2\/users\/1"}],"replies":[{"embeddable":true,"href":"https:\/\/sacolaspromocionais.com.br\/index.php\/wp-json\/wp\/v2\/comments?post=125"}],"version-history":[{"count":5,"href":"https:\/\/sacolaspromocionais.com.br\/index.php\/wp-json\/wp\/v2\/pages\/125\/revisions"}],"predecessor-version":[{"id":707,"href":"https:\/\/sacolaspromocionais.com.br\/index.php\/wp-json\/wp\/v2\/pages\/125\/revisions\/707"}],"wp:attachment":[{"href":"https:\/\/sacolaspromocionais.com.br\/index.php\/wp-json\/wp\/v2\/media?parent=125"}],"curies":[{"name":"wp","href":"https:\/\/api.w.org\/{rel}","templated":true}]}}